{"id":2216,"date":"2025-07-21T18:18:53","date_gmt":"2025-07-21T22:18:53","guid":{"rendered":"https:\/\/vets.clearpointpharmacy.com\/webinaires\/"},"modified":"2026-04-03T12:34:40","modified_gmt":"2026-04-03T16:34:40","slug":"webinaires","status":"publish","type":"page","link":"https:\/\/vets.clearpointpharmacy.com\/fr\/webinaires\/","title":{"rendered":"Webinaires"},"content":{"rendered":"\n<div class=\"wp-block-group has-global-padding is-layout-constrained wp-block-group-is-layout-constrained\"><h1 style=\"font-style:normal;font-weight:500;\" class=\"title_heading_webinars wp-block-post-title has-xx-large-font-size\">Webinaires<\/h1><\/div>\n\n<div class=\"wp-block-group is-nowrap is-layout-flex wp-container-core-group-is-layout-6c531013 wp-block-group-is-layout-flex\">\n<div class=\"wp-block-query is-layout-flow wp-block-query-is-layout-flow\"><ul class=\"columns-3 wp-block-post-template is-layout-grid wp-container-core-post-template-is-layout-4142fc9f wp-block-post-template-is-layout-grid\"><li class=\"wp-block-post post-4212 post type-post status-publish format-standard hentry category-webinaires\">\n\n<div class=\"wp-block-group is-layout-flow wp-block-group-is-layout-flow\" style=\"padding-top:30px;padding-right:30px;padding-bottom:30px;padding-left:30px\"><h2 class=\"wp-block-post-title\"><a href=\"https:\/\/vets.clearpointpharmacy.com\/fr\/traitement-reglemente-de-la-peritonite-infectieuse-feline-au-canada\/\" target=\"_self\" >Traitement r\u00e9glement\u00e9 de la p\u00e9ritonite infectieuse f\u00e9line au Canada<\/a><\/h2>\n\n<div class=\"wp-block-post-date\"><time datetime=\"2026-01-21T15:08:00-05:00\">janvier 21, 2026<\/time><\/div><\/div>\n\n<\/li><li class=\"wp-block-post post-7866 post type-post status-publish format-standard hentry category-webinaires\">\n\n<div class=\"wp-block-group is-layout-flow wp-block-group-is-layout-flow\" style=\"padding-top:30px;padding-right:30px;padding-bottom:30px;padding-left:30px\"><h2 class=\"wp-block-post-title\"><a href=\"https:\/\/vets.clearpointpharmacy.com\/fr\/molnupiravir-traitement-de-la-pif\/\" target=\"_self\" >Molnupiravir \u2013 Traitement de la PIF<\/a><\/h2>\n\n<div class=\"wp-block-post-date\"><time datetime=\"2025-11-19T15:45:00-05:00\">novembre 19, 2025<\/time><\/div><\/div>\n\n<\/li><li class=\"wp-block-post post-3372 post type-post status-publish format-standard hentry category-webinaires\">\n\n<div class=\"wp-block-group is-layout-flow wp-block-group-is-layout-flow\" style=\"padding-top:30px;padding-right:30px;padding-bottom:30px;padding-left:30px\"><h2 class=\"wp-block-post-title\"><a href=\"https:\/\/vets.clearpointpharmacy.com\/fr\/webinaire-sur-la-fip-dune-maladie-fatale-a-une-maladie-traitable\/\" target=\"_self\" >Webinaire sur la FIP : d&rsquo;une maladie fatale \u00e0 une maladie traitable<\/a><\/h2>\n\n<div class=\"wp-block-post-date\"><time datetime=\"2025-09-24T16:59:14-04:00\">septembre 24, 2025<\/time><\/div><\/div>\n\n<\/li><li class=\"wp-block-post post-3195 post type-post status-publish format-standard has-post-thumbnail hentry category-blogue\">\n\n<div class=\"wp-block-group is-layout-flow wp-block-group-is-layout-flow\" style=\"padding-top:30px;padding-right:30px;padding-bottom:30px;padding-left:30px\"><h2 class=\"wp-block-post-title\"><a href=\"https:\/\/vets.clearpointpharmacy.com\/fr\/rapport-de-cas-de-puddin\/\" target=\"_self\" >Rapport de cas de Puddin<\/a><\/h2>\n\n<div class=\"wp-block-post-date\"><time datetime=\"2025-09-19T14:13:04-04:00\">septembre 19, 2025<\/time><\/div><\/div>\n\n<\/li><li class=\"wp-block-post post-2978 post type-post status-publish format-standard hentry category-non-categorise\">\n\n<div class=\"wp-block-group is-layout-flow wp-block-group-is-layout-flow\" style=\"padding-top:30px;padding-right:30px;padding-bottom:30px;padding-left:30px\"><h2 class=\"wp-block-post-title\"><a href=\"https:\/\/vets.clearpointpharmacy.com\/fr\/webinaire-sur-le-molunupiravir\/\" target=\"_self\" >Webinaire sur le molunupiravir<\/a><\/h2>\n\n<div class=\"wp-block-post-date\"><time datetime=\"2025-09-12T16:52:10-04:00\">septembre 12, 2025<\/time><\/div><\/div>\n\n<\/li><li class=\"wp-block-post post-2234 post type-post status-publish format-standard has-post-thumbnail hentry category-non-categorise\">\n\n<div class=\"wp-block-group is-layout-flow wp-block-group-is-layout-flow\" style=\"padding-top:30px;padding-right:30px;padding-bottom:30px;padding-left:30px\"><h2 class=\"wp-block-post-title\"><a href=\"https:\/\/vets.clearpointpharmacy.com\/fr\/pif-de-mortelle-a-traitable\/\" target=\"_self\" >PIF : de mortelle \u00e0 traitable<\/a><\/h2>\n\n<div class=\"wp-block-post-date\"><time datetime=\"2025-07-21T17:57:38-04:00\">juillet 21, 2025<\/time><\/div><\/div>\n\n<\/li><li class=\"wp-block-post post-2305 post type-post status-publish format-standard has-post-thumbnail hentry category-blogue\">\n\n<div class=\"wp-block-group is-layout-flow wp-block-group-is-layout-flow\" style=\"padding-top:30px;padding-right:30px;padding-bottom:30px;padding-left:30px\"><h2 class=\"wp-block-post-title\"><a href=\"https:\/\/vets.clearpointpharmacy.com\/fr\/quoi-quand-et-pourquoi-surveillance-des-chats-pendant-le-traitement-de-la-pif\/\" target=\"_self\" >Quoi, quand et pourquoi : surveillance des chats pendant le traitement de la PIF<\/a><\/h2>\n\n<div class=\"wp-block-post-date\"><time datetime=\"2025-06-23T12:07:29-04:00\">juin 23, 2025<\/time><\/div><\/div>\n\n<\/li><\/ul><\/div>\n<\/div>\n","protected":false},"excerpt":{"rendered":"","protected":false},"author":4,"featured_media":0,"parent":0,"menu_order":0,"comment_status":"closed","ping_status":"closed","template":"webinars","meta":{"footnotes":""},"class_list":["post-2216","page","type-page","status-publish","hentry"],"acf":[],"_links":{"self":[{"href":"https:\/\/vets.clearpointpharmacy.com\/fr\/wp-json\/wp\/v2\/pages\/2216","targetHints":{"allow":["GET"]}}],"collection":[{"href":"https:\/\/vets.clearpointpharmacy.com\/fr\/wp-json\/wp\/v2\/pages"}],"about":[{"href":"https:\/\/vets.clearpointpharmacy.com\/fr\/wp-json\/wp\/v2\/types\/page"}],"author":[{"embeddable":true,"href":"https:\/\/vets.clearpointpharmacy.com\/fr\/wp-json\/wp\/v2\/users\/4"}],"replies":[{"embeddable":true,"href":"https:\/\/vets.clearpointpharmacy.com\/fr\/wp-json\/wp\/v2\/comments?post=2216"}],"version-history":[{"count":17,"href":"https:\/\/vets.clearpointpharmacy.com\/fr\/wp-json\/wp\/v2\/pages\/2216\/revisions"}],"predecessor-version":[{"id":7999,"href":"https:\/\/vets.clearpointpharmacy.com\/fr\/wp-json\/wp\/v2\/pages\/2216\/revisions\/7999"}],"wp:attachment":[{"href":"https:\/\/vets.clearpointpharmacy.com\/fr\/wp-json\/wp\/v2\/media?parent=2216"}],"curies":[{"name":"wp","href":"https:\/\/api.w.org\/{rel}","templated":true}]}}