{"id":2227,"date":"2025-05-30T15:55:50","date_gmt":"2025-05-30T19:55:50","guid":{"rendered":"https:\/\/vets.clearpointpharmacy.com\/enregistrement-veterinaire\/"},"modified":"2025-08-19T14:17:34","modified_gmt":"2025-08-19T18:17:34","slug":"enregistrement-veterinaire","status":"publish","type":"page","link":"https:\/\/vets.clearpointpharmacy.com\/fr\/enregistrement-veterinaire\/","title":{"rendered":"Enregistrement v\u00e9t\u00e9rinaire"},"content":{"rendered":"\t<div class='user-registration ur-frontend-form   ' id='user-registration-form-2311'>\n\t\t\t\t\t<span class=\"user-registration-registration-title\"> Inscription du v\u00e9t\u00e9rinaire <\/span> <\/br><p class=\"user-registration-registration-description\"> Remplissez le formulaire ci-dessous pour cr\u00e9er un compte <\/p>\t\t\t<form method='post' class='register' data-form-id=\"2311\"\n\t\t\t\tdata-enable-strength-password=\"\" data-minimum-password-strength=\"3\"\n\t\t\t\t\t\t\t\t\t\t\t\t\t\t\t data-captcha-enabled=\"\">\n\n\t\t\t\t<div class=\"ur-form-row\" data-row-id=\"0\">\t\t\t\t\t\t\t<div class=\"ur-form-grid ur-grid-1\"\n\t\t\t\t\t\t\t\tstyle=\"width:48%\">\n\t\t\t\t\t\t\t\t\t\t\t\t\t\t\t\t<div  data-field-id=\"input_box_1748633876\" class=\"ur-field-item field-text \" data-ref-id=\"input_box_1748633876\" data-field-pattern-enabled=\"0\" data-field-pattern-value=\" \" data-field-pattern-message=\" \">\n\t\t\t\t\t\t\t\t\t\t<div class=\"form-row validate-required\" id=\"input_box_1748633876_field\" data-priority=\"\" ><label for=\"input_box_1748633876\" class=\"ur-label\">Nom de la clinique <abbr class=\"required\" title=\"required\">*<\/abbr><\/label> <span class=\"input-wrapper\"> <input  data-rules=\"\" data-id=\"input_box_1748633876\" type=\"text\" class=\"input-text   input-text ur-frontend-field  \" name=\"input_box_1748633876\" id=\"input_box_1748633876\" placeholder=\"\"  value=\"\" required=\"required\" data-label=\"Nom de la clinique\" \/> <\/span> <\/div>\t\t\t\t\t\t\t\t\t<\/div>\n\t\t\t\t\t\t\t\t\t\t\t\t\t\t\t\t<\/div>\n\t\t\t\t\t\t\t\t\t\t\t\t\t\t<div class=\"ur-form-grid ur-grid-2\"\n\t\t\t\t\t\t\t\tstyle=\"width:48%\">\n\t\t\t\t\t\t\t\t\t\t\t\t\t\t\t\t<div  data-field-id=\"input_box_1748634238\" class=\"ur-field-item field-text \" data-ref-id=\"input_box_1748634238\" data-field-pattern-enabled=\"0\" data-field-pattern-value=\" \" data-field-pattern-message=\" \">\n\t\t\t\t\t\t\t\t\t\t<div class=\"form-row validate-required\" id=\"input_box_1748634238_field\" data-priority=\"\" ><label for=\"input_box_1748634238\" class=\"ur-label\">Num\u00e9ro de licence <abbr class=\"required\" title=\"required\">*<\/abbr><\/label> <span class=\"input-wrapper\"> <input  data-rules=\"\" data-id=\"input_box_1748634238\" type=\"text\" class=\"input-text   input-text ur-frontend-field  \" name=\"input_box_1748634238\" id=\"input_box_1748634238\" placeholder=\"\"  value=\"\" required=\"required\" data-label=\"Num\u00e9ro de licence\" \/> <\/span> <\/div>\t\t\t\t\t\t\t\t\t<\/div>\n\t\t\t\t\t\t\t\t\t\t\t\t\t\t\t\t<\/div>\n\t\t\t\t\t\t\t\t\t\t\t\t\t<\/div>\n\t\t\t\t\t\t<div class=\"ur-form-row\" data-row-id=\"5\">\t\t\t\t\t\t\t<div class=\"ur-form-grid ur-grid-1\"\n\t\t\t\t\t\t\t\tstyle=\"width:48%\">\n\t\t\t\t\t\t\t\t\t\t\t\t\t\t\t\t<div  data-field-id=\"first_name\" class=\"ur-field-item field-first_name \" data-ref-id=\"first_name\" data-field-pattern-enabled=\"0\" data-field-pattern-value=\" \" data-field-pattern-message=\" \">\n\t\t\t\t\t\t\t\t\t\t<div class=\"form-row validate-required\" id=\"first_name_field\" data-priority=\"\" ><label for=\"first_name\" class=\"ur-label\">Pr\u00e9nom du v\u00e9t\u00e9rinaire <abbr class=\"required\" title=\"required\">*<\/abbr><\/label> <span class=\"input-wrapper\"> <input  data-rules=\"\" data-id=\"first_name\" type=\"text\" class=\"input-text   input-text ur-frontend-field  \" name=\"first_name\" id=\"first_name\" placeholder=\"\"  value=\"\" required=\"required\" data-label=\"Pr\u00e9nom du v\u00e9t\u00e9rinaire\" \/> <\/span> <\/div>\t\t\t\t\t\t\t\t\t<\/div>\n\t\t\t\t\t\t\t\t\t\t\t\t\t\t\t\t<\/div>\n\t\t\t\t\t\t\t\t\t\t\t\t\t\t<div class=\"ur-form-grid ur-grid-2\"\n\t\t\t\t\t\t\t\tstyle=\"width:48%\">\n\t\t\t\t\t\t\t\t\t\t\t\t\t\t\t\t<div  data-field-id=\"last_name\" class=\"ur-field-item field-last_name \" data-ref-id=\"last_name\" data-field-pattern-enabled=\"0\" data-field-pattern-value=\" \" data-field-pattern-message=\" \">\n\t\t\t\t\t\t\t\t\t\t<div class=\"form-row validate-required\" id=\"last_name_field\" data-priority=\"\" ><label for=\"last_name\" class=\"ur-label\">Nom de famille du v\u00e9t\u00e9rinaire <abbr class=\"required\" title=\"required\">*<\/abbr><\/label> <span class=\"input-wrapper\"> <input  data-rules=\"\" data-id=\"last_name\" type=\"text\" class=\"input-text   input-text ur-frontend-field  \" name=\"last_name\" id=\"last_name\" placeholder=\"\"  value=\"\" required=\"required\" data-label=\"Nom de famille du v\u00e9t\u00e9rinaire\" \/> <\/span> <\/div>\t\t\t\t\t\t\t\t\t<\/div>\n\t\t\t\t\t\t\t\t\t\t\t\t\t\t\t\t<\/div>\n\t\t\t\t\t\t\t\t\t\t\t\t\t<\/div>\n\t\t\t\t\t\t<div class=\"ur-form-row\" data-row-id=\"1\">\t\t\t\t\t\t\t<div class=\"ur-form-grid ur-grid-1\"\n\t\t\t\t\t\t\t\tstyle=\"width:99%\">\n\t\t\t\t\t\t\t\t\t\t\t\t\t\t\t\t<div  data-field-id=\"number_box_1748634210\" class=\"ur-field-item field-number \" data-ref-id=\"number_box_1748634210\" data-field-pattern-enabled=\"0\" data-field-pattern-value=\" \" data-field-pattern-message=\" \">\n\t\t\t\t\t\t\t\t\t\t<div class=\"form-row validate-required\" id=\"number_box_1748634210_field\" data-priority=\"\" ><label for=\"number_box_1748634210\" class=\"ur-label\">Num\u00e9ro de t\u00e9l\u00e9phone <abbr class=\"required\" title=\"required\">*<\/abbr><\/label> <span class=\"input-wrapper\"> <input  data-rules=\"\" data-id=\"number_box_1748634210\" type=\"number\" class=\"input-text   input-number ur-frontend-field  \" name=\"number_box_1748634210\" id=\"number_box_1748634210\" placeholder=\"\"  value=\"\" required=\"required\" data-label=\"Num\u00e9ro de t\u00e9l\u00e9phone\" step=\"1\" \/> <\/span> <\/div>\t\t\t\t\t\t\t\t\t<\/div>\n\t\t\t\t\t\t\t\t\t\t\t\t\t\t\t\t\t\t<div  data-field-id=\"user_email\" class=\"ur-field-item field-user_email \" data-ref-id=\"user_email\" data-field-pattern-enabled=\"0\" data-field-pattern-value=\" \" data-field-pattern-message=\" \">\n\t\t\t\t\t\t\t\t\t\t<div class=\"form-row validate-required\" id=\"user_email_field\" data-priority=\"\" ><label for=\"user_email\" class=\"ur-label\">Courriel <abbr class=\"required\" title=\"required\">*<\/abbr><\/label> <span class=\"input-wrapper\"> <input  data-rules=\"\" data-id=\"user_email\" type=\"email\" class=\"input-text   input-email ur-frontend-field  \" name=\"user_email\" id=\"user_email\" placeholder=\"\"  value=\"\" required=\"required\" data-label=\"Courriel\" \/> <\/span> <\/div>\t\t\t\t\t\t\t\t\t<\/div>\n\t\t\t\t\t\t\t\t\t\t\t\t\t\t\t\t\t\t<div  data-field-id=\"user_pass\" class=\"ur-field-item field-user_pass \" data-ref-id=\"user_pass\" data-field-pattern-enabled=\"0\" data-field-pattern-value=\" \" data-field-pattern-message=\" \">\n\t\t\t\t\t\t\t\t\t\t<div class=\"form-row validate-required hide_show_password\" id=\"user_pass_field\" data-priority=\"\"><label for=\"user_pass\" class=\"ur-label\">Mot de passe <abbr class=\"required\" title=\"required\">*<\/abbr><\/label> <span class=\"input-wrapper\"> <span class=\"password-input-group input-form-field-icons\"><input data-rules=\"\" data-id=\"user_pass\" type=\"password\" class=\"input-text  input-password ur-frontend-field  \" name=\"user_pass\" id=\"user_pass\" placeholder=\"\"  value=\"\" required=\"required\" data-label=\"Mot de passe\" \/><\/span> <\/span> <\/div>\t\t\t\t\t\t\t\t\t<\/div>\n\t\t\t\t\t\t\t\t\t\t\t\t\t\t\t\t<\/div>\n\t\t\t\t\t\t\t\t\t\t\t\t\t<\/div>\n\t\t\t\t\t\t<div class=\"ur-form-row\" data-row-id=\"2\">\t\t\t\t\t\t\t<div class=\"ur-form-grid ur-grid-1\"\n\t\t\t\t\t\t\t\tstyle=\"width:99%\">\n\t\t\t\t\t\t\t\t\t\t\t\t\t\t\t\t<div  data-field-id=\"input_box_1665571284\" class=\"ur-field-item field-text \" data-ref-id=\"input_box_1665571284\" data-field-pattern-enabled=\"0\" data-field-pattern-value=\" \" data-field-pattern-message=\" \">\n\t\t\t\t\t\t\t\t\t\t<div class=\"form-row validate-required\" id=\"input_box_1665571284_field\" data-priority=\"\" ><label for=\"input_box_1665571284\" class=\"ur-label\">Adresse de la clinique <abbr class=\"required\" title=\"required\">*<\/abbr><\/label> <span class=\"input-wrapper\"> <input  data-rules=\"\" data-id=\"input_box_1665571284\" type=\"text\" class=\"input-text   input-text ur-frontend-field  \" name=\"input_box_1665571284\" id=\"input_box_1665571284\" placeholder=\"Adresse\"  value=\"\" required=\"required\" data-label=\"Adresse de la clinique\" \/> <\/span> <\/div>\t\t\t\t\t\t\t\t\t<\/div>\n\t\t\t\t\t\t\t\t\t\t\t\t\t\t\t\t\t\t<div  data-field-id=\"input_box_1665571334546\" class=\"ur-field-item field-text \" data-ref-id=\"input_box_1665571334546\" data-field-pattern-enabled=\"0\" data-field-pattern-value=\" \" data-field-pattern-message=\" \">\n\t\t\t\t\t\t\t\t\t\t<div class=\"form-row \" id=\"input_box_1665571334546_field\" data-priority=\"\" ><label for=\"input_box_1665571334546\" class=\"ur-label\">Adresse de la clinique \u2013 Ligne 2<\/label> <span class=\"input-wrapper\"> <input  data-rules=\"\" data-id=\"input_box_1665571334546\" type=\"text\" class=\"input-text   input-text ur-frontend-field  \" name=\"input_box_1665571334546\" id=\"input_box_1665571334546\" placeholder=\"Adresse ligne 2\"  value=\"\" data-label=\"Adresse de la clinique \u2013 Ligne 2\" \/> <\/span> <\/div>\t\t\t\t\t\t\t\t\t<\/div>\n\t\t\t\t\t\t\t\t\t\t\t\t\t\t\t\t<\/div>\n\t\t\t\t\t\t\t\t\t\t\t\t\t<\/div>\n\t\t\t\t\t\t<div class=\"ur-form-row\" data-row-id=\"3\">\t\t\t\t\t\t\t<div class=\"ur-form-grid ur-grid-1\"\n\t\t\t\t\t\t\t\tstyle=\"width:48%\">\n\t\t\t\t\t\t\t\t\t\t\t\t\t\t\t\t<div  data-field-id=\"input_box_1665571376\" class=\"ur-field-item field-text \" data-ref-id=\"input_box_1665571376\" data-field-pattern-enabled=\"0\" data-field-pattern-value=\" \" data-field-pattern-message=\" \">\n\t\t\t\t\t\t\t\t\t\t<div class=\"form-row validate-required\" id=\"input_box_1665571376_field\" data-priority=\"\" ><label for=\"input_box_1665571376\" class=\"ur-label\">Ville de la clinique <abbr class=\"required\" title=\"required\">*<\/abbr><\/label> <span class=\"input-wrapper\"> <input  data-rules=\"\" data-id=\"input_box_1665571376\" type=\"text\" class=\"input-text   input-text ur-frontend-field  \" name=\"input_box_1665571376\" id=\"input_box_1665571376\" placeholder=\"Ville\"  value=\"\" required=\"required\" data-label=\"Ville de la clinique\" \/> <\/span> <\/div>\t\t\t\t\t\t\t\t\t<\/div>\n\t\t\t\t\t\t\t\t\t\t\t\t\t\t\t\t\t\t<div  data-field-id=\"input_box_1665571449479\" class=\"ur-field-item field-text \" data-ref-id=\"input_box_1665571449479\" data-field-pattern-enabled=\"0\" data-field-pattern-value=\" \" data-field-pattern-message=\" \">\n\t\t\t\t\t\t\t\t\t\t<div class=\"form-row validate-required\" id=\"input_box_1665571449479_field\" data-priority=\"\" ><label for=\"input_box_1665571449479\" class=\"ur-label\">Code postal de la clinique <abbr class=\"required\" title=\"required\">*<\/abbr><\/label> <span class=\"input-wrapper\"> <input  data-rules=\"\" data-id=\"input_box_1665571449479\" type=\"text\" class=\"input-text   input-text ur-frontend-field  \" name=\"input_box_1665571449479\" id=\"input_box_1665571449479\" placeholder=\"Code postal\"  value=\"\" required=\"required\" data-label=\"Code postal de la clinique\" \/> <\/span> <\/div>\t\t\t\t\t\t\t\t\t<\/div>\n\t\t\t\t\t\t\t\t\t\t\t\t\t\t\t\t<\/div>\n\t\t\t\t\t\t\t\t\t\t\t\t\t\t<div class=\"ur-form-grid ur-grid-2\"\n\t\t\t\t\t\t\t\tstyle=\"width:48%\">\n\t\t\t\t\t\t\t\t\t\t\t\t\t\t\t\t<div  data-field-id=\"input_box_1665571392490\" class=\"ur-field-item field-text \" data-ref-id=\"input_box_1665571392490\" data-field-pattern-enabled=\"0\" data-field-pattern-value=\" \" data-field-pattern-message=\" \">\n\t\t\t\t\t\t\t\t\t\t<div class=\"form-row validate-required\" id=\"input_box_1665571392490_field\" data-priority=\"\" ><label for=\"input_box_1665571392490\" class=\"ur-label\">Province\/\u00c9tat de la clinique <abbr class=\"required\" title=\"required\">*<\/abbr><\/label> <span class=\"input-wrapper\"> <input  data-rules=\"\" data-id=\"input_box_1665571392490\" type=\"text\" class=\"input-text   input-text ur-frontend-field  \" name=\"input_box_1665571392490\" id=\"input_box_1665571392490\" placeholder=\"Province\/\u00e9tat\"  value=\"\" required=\"required\" data-label=\"Province\/\u00c9tat de la clinique\" \/> <\/span> <\/div>\t\t\t\t\t\t\t\t\t<\/div>\n\t\t\t\t\t\t\t\t\t\t\t\t\t\t\t\t\t\t<div  data-field-id=\"country_1665571482\" class=\"ur-field-item field-country \" data-ref-id=\"country_1665571482\" data-field-pattern-enabled=\"0\" data-field-pattern-value=\" \" data-field-pattern-message=\" \">\n\t\t\t\t\t\t\t\t\t\t<div class=\"form-row validate-required\" id=\"country_1665571482_field\" data-priority=\"\" ><label for=\"country_1665571482\" class=\"ur-label\">Pays de la clinique <abbr class=\"required\" title=\"required\">*<\/abbr><\/label><select data-rules=\"\" data-id=\"country_1665571482\" name=\"country_1665571482\" id=\"country_1665571482\" class=\"ur-field-address-country select ur-frontend-field  \" required=\"required\" data-label=\"Pays de la clinique\" data-allow_clear=\"true\" data-placeholder=\"Pays\" data-state-enabled=\"\">\n\t\t\t\t\t<option value=\"\" selected disabled>Pays<\/option><option value=\"AF\" >Afghanistan<\/option><option value=\"AX\" >\u00celes \u00c5land<\/option><option value=\"AL\" >Albanie<\/option><option value=\"DZ\" >Alg\u00e9rie<\/option><option value=\"AS\" >Samoa am\u00e9ricaines<\/option><option value=\"AD\" >Andorre<\/option><option value=\"AO\" >Angola<\/option><option value=\"AI\" >Anguilla<\/option><option value=\"AQ\" >Antarctique<\/option><option value=\"AG\" >Antigua-et-Barbuda<\/option><option value=\"AR\" >Argentine<\/option><option value=\"AM\" >Arm\u00e9nie<\/option><option value=\"AW\" >Aruba<\/option><option value=\"AU\" >Australie<\/option><option value=\"AT\" >Autriche<\/option><option value=\"AZ\" >Azerba\u00efdjan<\/option><option value=\"BS\" >Bahamas<\/option><option value=\"BH\" >Bahre\u00efn<\/option><option value=\"BD\" >Bangladesh<\/option><option value=\"BB\" >Barbade<\/option><option value=\"BY\" >Bi\u00e9lorussie<\/option><option value=\"BE\" >Belgique<\/option><option value=\"PW\" >Palaos<\/option><option value=\"BZ\" >Belize<\/option><option value=\"BJ\" >B\u00e9nin<\/option><option value=\"BM\" >Bermudes<\/option><option value=\"BT\" >Bhoutan<\/option><option value=\"BO\" >Bolivie<\/option><option value=\"BQ\" >Bonaire, Saint-Eustache et Saba<\/option><option value=\"BA\" >Bosnie-Herz\u00e9govine<\/option><option value=\"BW\" >Botswana<\/option><option value=\"BV\" >\u00cele Bouvet<\/option><option value=\"BR\" >Br\u00e9sil<\/option><option value=\"IO\" >Territoire britannique de l&#039;oc\u00e9an Indien<\/option><option value=\"VG\" >\u00celes Vierges britanniques<\/option><option value=\"BN\" >Brunei<\/option><option value=\"BG\" >Bulgarie<\/option><option value=\"BF\" >Burkina Faso<\/option><option value=\"BI\" >Burundi<\/option><option value=\"KH\" >Cambodge<\/option><option value=\"CM\" >Cameroun<\/option><option value=\"CA\" >Canada<\/option><option value=\"CV\" >Cap-Vert<\/option><option value=\"KY\" >\u00celes Ca\u00efmans<\/option><option value=\"CF\" >R\u00e9publique centrafricaine<\/option><option value=\"TD\" >Tchad<\/option><option value=\"CL\" >Chili<\/option><option value=\"CN\" >Chine<\/option><option value=\"CX\" >\u00cele Christmas<\/option><option value=\"CC\" >\u00celes Cocos (Keeling)<\/option><option value=\"CO\" >Colombie<\/option><option value=\"KM\" >Comores<\/option><option value=\"CG\" >Congo (Brazzaville)<\/option><option value=\"CD\" >Congo (Kinshasa)<\/option><option value=\"CK\" >\u00celes Cook<\/option><option value=\"CR\" >Costa Rica<\/option><option value=\"HR\" >Croatie<\/option><option value=\"CU\" >Cuba<\/option><option value=\"CW\" >Cura\u00e7ao<\/option><option value=\"CY\" >Chypre<\/option><option value=\"CZ\" >R\u00e9publique tch\u00e8que<\/option><option value=\"DK\" >Danemark<\/option><option value=\"DJ\" >Djibouti<\/option><option value=\"DM\" >Dominique<\/option><option value=\"DO\" >R\u00e9publique dominicaine<\/option><option value=\"EC\" >\u00c9quateur<\/option><option value=\"EG\" >\u00c9gypte<\/option><option value=\"SV\" >Salvador<\/option><option value=\"GQ\" >Guin\u00e9e \u00e9quatoriale<\/option><option value=\"ER\" >\u00c9rythr\u00e9e<\/option><option value=\"EE\" >Estonie<\/option><option value=\"SZ\" >Eswatini<\/option><option value=\"ET\" >\u00c9thiopie<\/option><option value=\"FK\" >\u00celes Falkland<\/option><option value=\"FO\" >\u00celes F\u00e9ro\u00e9<\/option><option value=\"FJ\" >Fidji<\/option><option value=\"FI\" >Finlande<\/option><option value=\"FR\" >France<\/option><option value=\"GF\" >Guyane fran\u00e7aise<\/option><option value=\"PF\" >Polyn\u00e9sie fran\u00e7aise<\/option><option value=\"TF\" >Terres australes fran\u00e7aises<\/option><option value=\"GA\" >Gabon<\/option><option value=\"GM\" >Gambie<\/option><option value=\"GE\" >G\u00e9orgie<\/option><option value=\"DE\" >Allemagne<\/option><option value=\"GH\" >Ghana<\/option><option value=\"GI\" >Gibraltar<\/option><option value=\"GR\" >Gr\u00e8ce<\/option><option value=\"GL\" >Groenland<\/option><option value=\"GD\" >Grenade<\/option><option value=\"GP\" >Guadeloupe<\/option><option value=\"GU\" >Guam<\/option><option value=\"GT\" >Guatemala<\/option><option value=\"GG\" >Guernesey<\/option><option value=\"GN\" >Guin\u00e9e<\/option><option value=\"GW\" >Guin\u00e9e-Bissau<\/option><option value=\"GY\" >Guyane<\/option><option value=\"HT\" >Ha\u00efti<\/option><option value=\"HM\" >\u00celes Heard et McDonald<\/option><option value=\"HN\" >Honduras<\/option><option value=\"HK\" >Hong Kong<\/option><option value=\"HU\" >Hongrie<\/option><option value=\"IS\" >Islande<\/option><option value=\"IN\" >Inde<\/option><option value=\"ID\" >Indon\u00e9sie<\/option><option value=\"IR\" >Iran<\/option><option value=\"IQ\" >Irak<\/option><option value=\"IE\" >Irlande<\/option><option value=\"IM\" >\u00cele de Man<\/option><option value=\"IL\" >Isra\u00ebl<\/option><option value=\"IT\" >Italie<\/option><option value=\"CI\" >C\u00f4te d&#039;Ivoire<\/option><option value=\"JM\" >Jama\u00efque<\/option><option value=\"JP\" >Japon<\/option><option value=\"JE\" >Maillot<\/option><option value=\"JO\" >Jordanie<\/option><option value=\"KZ\" >Kazakhstan<\/option><option value=\"KE\" >Kenya<\/option><option value=\"KI\" >Kiribati<\/option><option value=\"KW\" >Kowe\u00eft<\/option><option value=\"KG\" >Kirghizistan<\/option><option value=\"LA\" >Laos<\/option><option value=\"LV\" >Lettonie<\/option><option value=\"LB\" >Liban<\/option><option value=\"LS\" >Lesotho<\/option><option value=\"LR\" >Lib\u00e9ria<\/option><option value=\"LY\" >Libye<\/option><option value=\"LI\" >Liechtenstein<\/option><option value=\"LT\" >Lituanie<\/option><option value=\"LU\" >Luxembourg<\/option><option value=\"MO\" >Macao S.A.R., Chine<\/option><option value=\"MK\" >Mac\u00e9doine<\/option><option value=\"MG\" >Madagascar<\/option><option value=\"MW\" >Malawi<\/option><option value=\"MY\" >Malaisie<\/option><option value=\"MV\" >Maldives<\/option><option value=\"ML\" >Mali<\/option><option value=\"MT\" >Malte<\/option><option value=\"MH\" >\u00celes Marshall<\/option><option value=\"MQ\" >Martinique<\/option><option value=\"MR\" >Mauritanie<\/option><option value=\"MU\" >Maurice<\/option><option value=\"YT\" >Mayotte<\/option><option value=\"MX\" >Mexique<\/option><option value=\"FM\" >Micron\u00e9sie<\/option><option value=\"MD\" >Moldavie<\/option><option value=\"MC\" >Monaco<\/option><option value=\"MN\" >Mongolie<\/option><option value=\"ME\" >Mont\u00e9n\u00e9gro<\/option><option value=\"MS\" >Montserrat<\/option><option value=\"MA\" >Maroc<\/option><option value=\"MZ\" >Mozambique<\/option><option value=\"MM\" >Myanmar<\/option><option value=\"NA\" >Namibie<\/option><option value=\"NR\" >Nauru<\/option><option value=\"NP\" >N\u00e9pal<\/option><option value=\"NL\" >Pays-Bas<\/option><option value=\"NC\" >Nouvelle-Cal\u00e9donie<\/option><option value=\"NZ\" >Nouvelle-Z\u00e9lande<\/option><option value=\"NI\" >Nicaragua<\/option><option value=\"NE\" >Niger<\/option><option value=\"NG\" >Nig\u00e9ria<\/option><option value=\"NU\" >Niue<\/option><option value=\"NF\" >\u00cele Norfolk<\/option><option value=\"MP\" >\u00celes Mariannes du Nord<\/option><option value=\"KP\" >Cor\u00e9e du Nord<\/option><option value=\"NO\" >Norv\u00e8ge<\/option><option value=\"OM\" >Oman<\/option><option value=\"PK\" >Pakistan<\/option><option value=\"PS\" >Territoire palestinien<\/option><option value=\"PA\" >Panama<\/option><option value=\"PG\" >Papouasie-Nouvelle-Guin\u00e9e<\/option><option value=\"PY\" >Paraguay<\/option><option value=\"PE\" >P\u00e9rou<\/option><option value=\"PH\" >Philippines<\/option><option value=\"PN\" >Pitcairn<\/option><option value=\"PL\" >Pologne<\/option><option value=\"PT\" >Portugal<\/option><option value=\"PR\" >Porto Rico<\/option><option value=\"QA\" >Qatar<\/option><option value=\"RE\" >R\u00e9union<\/option><option value=\"RO\" >Roumanie<\/option><option value=\"RU\" >Russie<\/option><option value=\"RW\" >Rwanda<\/option><option value=\"BL\" >Saint-Barth\u00e9lemy<\/option><option value=\"SH\" >Sainte-H\u00e9l\u00e8ne<\/option><option value=\"KN\" >Saint-Kitts-et-Nevis<\/option><option value=\"LC\" >Sainte-Lucie<\/option><option value=\"MF\" >Saint-Martin (partie fran\u00e7aise)<\/option><option value=\"SX\" >Saint-Martin (partie n\u00e9erlandaise)<\/option><option value=\"PM\" >Saint-Pierre-et-Miquelon<\/option><option value=\"VC\" >Saint-Vincent-et-les-Grenadines<\/option><option value=\"SM\" >Saint-Marin<\/option><option value=\"ST\" >Sao Tom\u00e9-et-Principe<\/option><option value=\"SA\" >Arabie saoudite<\/option><option value=\"SN\" >S\u00e9n\u00e9gal<\/option><option value=\"RS\" >Serbie<\/option><option value=\"SC\" >Seychelles<\/option><option value=\"SL\" >Sierra Leone<\/option><option value=\"SG\" >Singapour<\/option><option value=\"SK\" >Slovaquie<\/option><option value=\"SI\" >Slov\u00e9nie<\/option><option value=\"SB\" >\u00celes Salomon<\/option><option value=\"SO\" >Somalie<\/option><option value=\"ZA\" >Afrique du Sud<\/option><option value=\"GS\" >G\u00e9orgie du Sud-et-les \u00eeles Sandwich du Sud<\/option><option value=\"KR\" >Cor\u00e9e du Sud<\/option><option value=\"SS\" >Soudan du Sud<\/option><option value=\"ES\" >Espagne<\/option><option value=\"LK\" >Sri Lanka<\/option><option value=\"SD\" >Soudan<\/option><option value=\"SR\" >Suriname<\/option><option value=\"SJ\" >Svalbard et Jan Mayen<\/option><option value=\"SE\" >Su\u00e8de<\/option><option value=\"CH\" >Suisse<\/option><option value=\"SY\" >Syrie<\/option><option value=\"TW\" >Ta\u00efwan<\/option><option value=\"TJ\" >Tadjikistan<\/option><option value=\"TZ\" >Tanzanie<\/option><option value=\"TH\" >Tha\u00eflande<\/option><option value=\"TL\" >Timor oriental<\/option><option value=\"TG\" >Togo<\/option><option value=\"TK\" >Tokelau<\/option><option value=\"TO\" >Tongien<\/option><option value=\"TT\" >Trinit\u00e9-et-Tobago<\/option><option value=\"TN\" >Tunisie<\/option><option value=\"TR\" >Turquie<\/option><option value=\"TM\" >Turkm\u00e9nistan<\/option><option value=\"TC\" >\u00celes Turques-et-Ca\u00efques<\/option><option value=\"TV\" >Tuvalu<\/option><option value=\"UG\" >Ouganda<\/option><option value=\"UA\" >Ukraine<\/option><option value=\"AE\" >\u00c9mirats arabes unis<\/option><option value=\"GB\" >Royaume-Uni (RU)<\/option><option value=\"US\" >\u00c9tats-Unis (\u00c9U)<\/option><option value=\"UM\" >\u00celes mineures \u00e9loign\u00e9es des \u00c9tats-Unis (\u00c9U)<\/option><option value=\"VI\" >\u00celes Vierges des \u00c9tats-Unis (\u00c9U)<\/option><option value=\"UY\" >Uruguay<\/option><option value=\"UZ\" >Ouzb\u00e9kistan<\/option><option value=\"VU\" >Vanuatu<\/option><option value=\"VA\" >Vatican<\/option><option value=\"VE\" >Venezuela<\/option><option value=\"VN\" >Vietnam<\/option><option value=\"WF\" >Wallis-et-Futuna<\/option><option value=\"EH\" >Sahara occidental<\/option><option value=\"WS\" >Samoa<\/option><option value=\"YE\" >Y\u00e9men<\/option><option value=\"ZM\" >Zambie<\/option><option value=\"ZW\" >Zimbabwe<\/option>\n\t\t\t\t\t<\/select><\/div>\t\t\t\t\t\t\t\t\t<\/div>\n\t\t\t\t\t\t\t\t\t\t\t\t\t\t\t\t<\/div>\n\t\t\t\t\t\t\t\t\t\t\t\t\t<\/div>\n\t\t\t\t\t\t\t\t\t\t\t\t\t\t\t\t\t\t<div class=\"ur-button-container \" >\n\t\t\t\t\t\t\t\t\t\t\t\t\t\t<button type=\"submit\" class=\"btn button ur-submit-button \"  conditional_rules=\"&quot;&quot;\">\n\t\t\t\t\t\t\t\t<span><\/span>\n\t\t\t\t\t\t\t\tSoumettre\t\t\t\t\t\t\t<\/button>\n\t\t\t\t\t\t\t\t\t\t\t\t\t\t\t\t\t\t\t\t<\/div>\n\t\t\t\t\t\t\n\t\t\t\t<div style=\"clear:both\"><\/div>\n\t\t\t\t\t\t\t\t<input type=\"hidden\" name=\"ur-registration-language\" value=\"fr\"\/>\n\t\t\t\t<input type=\"hidden\" name=\"ur-user-form-id\" value=\"2311\"\/>\n\t\t\t\t<input type=\"hidden\" name=\"ur-redirect-url\" value=\"\"\/>\n\t\t\t\t<input type=\"hidden\" id=\"ur_frontend_form_nonce\" name=\"ur_frontend_form_nonce\" value=\"696f34950d\" \/>\n\t\t\t\t\n\t\t\t<\/form>\n\t\t\t\n\t\t<div style=\"clear:both\"><\/div>\n\t<\/div>\n\n\n","protected":false},"excerpt":{"rendered":"","protected":false},"author":4,"featured_media":0,"parent":0,"menu_order":0,"comment_status":"closed","ping_status":"closed","template":"","meta":{"footnotes":""},"class_list":["post-2227","page","type-page","status-publish","hentry"],"acf":[],"_links":{"self":[{"href":"https:\/\/vets.clearpointpharmacy.com\/fr\/wp-json\/wp\/v2\/pages\/2227","targetHints":{"allow":["GET"]}}],"collection":[{"href":"https:\/\/vets.clearpointpharmacy.com\/fr\/wp-json\/wp\/v2\/pages"}],"about":[{"href":"https:\/\/vets.clearpointpharmacy.com\/fr\/wp-json\/wp\/v2\/types\/page"}],"author":[{"embeddable":true,"href":"https:\/\/vets.clearpointpharmacy.com\/fr\/wp-json\/wp\/v2\/users\/4"}],"replies":[{"embeddable":true,"href":"https:\/\/vets.clearpointpharmacy.com\/fr\/wp-json\/wp\/v2\/comments?post=2227"}],"version-history":[{"count":4,"href":"https:\/\/vets.clearpointpharmacy.com\/fr\/wp-json\/wp\/v2\/pages\/2227\/revisions"}],"predecessor-version":[{"id":2314,"href":"https:\/\/vets.clearpointpharmacy.com\/fr\/wp-json\/wp\/v2\/pages\/2227\/revisions\/2314"}],"wp:attachment":[{"href":"https:\/\/vets.clearpointpharmacy.com\/fr\/wp-json\/wp\/v2\/media?parent=2227"}],"curies":[{"name":"wp","href":"https:\/\/api.w.org\/{rel}","templated":true}]}}