{"id":2231,"date":"2025-06-04T13:56:49","date_gmt":"2025-06-04T17:56:49","guid":{"rendered":"https:\/\/vets.clearpointpharmacy.com\/ressources\/"},"modified":"2025-11-07T12:03:39","modified_gmt":"2025-11-07T17:03:39","slug":"ressources","status":"publish","type":"page","link":"https:\/\/vets.clearpointpharmacy.com\/fr\/ressources\/","title":{"rendered":"Ressources"},"content":{"rendered":"\n<div class=\"wp-block-group alignfull is-style-default is-layout-flow wp-block-group-is-layout-flow\" style=\"margin-top:0;margin-bottom:0;padding-top:0;padding-right:var(--wp--preset--spacing--70);padding-bottom:0;padding-left:var(--wp--preset--spacing--70)\">\n<div class=\"wp-block-group is-nowrap is-layout-flex wp-container-core-group-is-layout-6c531013 wp-block-group-is-layout-flex\">\n<figure class=\"wp-block-image size-large block-visibility-hide-small-screen\"><img loading=\"lazy\" decoding=\"async\" width=\"1024\" height=\"683\" src=\"https:\/\/vets.clearpointpharmacy.com\/wp-content\/uploads\/cat-login-1024x683.jpeg\" alt=\"\" class=\"wp-image-1784\" style=\"object-fit:cover\" srcset=\"https:\/\/vets.clearpointpharmacy.com\/wp-content\/uploads\/cat-login-1024x683.jpeg 1024w, https:\/\/vets.clearpointpharmacy.com\/wp-content\/uploads\/cat-login-300x200.jpeg 300w, https:\/\/vets.clearpointpharmacy.com\/wp-content\/uploads\/cat-login-768x512.jpeg 768w, https:\/\/vets.clearpointpharmacy.com\/wp-content\/uploads\/cat-login-600x400.jpeg 600w, https:\/\/vets.clearpointpharmacy.com\/wp-content\/uploads\/cat-login.jpeg 1080w\" sizes=\"(max-width: 1024px) 100vw, 1024px\" \/><\/figure>\n\n\n\n<div class=\"wp-block-group is-vertical is-layout-flex wp-container-core-group-is-layout-fe9cc265 wp-block-group-is-layout-flex\">\n<h1 class=\"wp-block-heading has-cardo-font-family has-xx-large-font-size\"><strong>Pour les v\u00e9t\u00e9rinaires<\/strong><\/h1>\n\n\n\n<ol class=\"wp-block-list\">\n<li><a href=\"https:\/\/vets.clearpointpharmacy.com\/wp-content\/uploads\/GS-441524.pdf\" target=\"_blank\" rel=\"noreferrer noopener\">Fiche d&rsquo;information sur le produit GS-441524 pour les v\u00e9t\u00e9rinaires<\/a><\/li>\n\n\n\n<li><a href=\"https:\/\/vets.clearpointpharmacy.com\/wp-content\/uploads\/PRODUCT-SUMMARY-COMPOUNDED.pdf\" target=\"_blank\" rel=\"noreferrer noopener\">R\u00e9sum\u00e9 du produit GS-441524<\/a><\/li>\n\n\n\n<li><a href=\"https:\/\/vets.clearpointpharmacy.com\/wp-content\/uploads\/FREQUENTLY-ASKED-QUESTIONS-ABOUT-FELINE-INFECTIOUS-PERITONITIS-FIP.pdf\" target=\"_blank\" rel=\"noreferrer noopener\">FAQ sur le GS-441524<\/a><\/li>\n\n\n\n<li><a href=\"https:\/\/vets.clearpointpharmacy.com\/wp-content\/uploads\/ORDERING-PROCESS.pdf\" target=\"_blank\" rel=\"noreferrer noopener\">Processus de commande pour le GS-441524<\/a><\/li>\n<\/ol>\n\n\n\n<div style=\"height:46px\" aria-hidden=\"true\" class=\"wp-block-spacer wp-container-content-b5f14f7b\"><\/div>\n\n\n\n<h1 class=\"wp-block-heading has-cardo-font-family has-xx-large-font-size\"><strong>Pour les propri\u00e9taires de chats<\/strong><\/h1>\n\n\n\n<ol class=\"wp-block-list\">\n<li><a href=\"https:\/\/vets.clearpointpharmacy.com\/wp-content\/uploads\/FIP-Form-GIS-441524.pdf\" target=\"_blank\" rel=\"noreferrer noopener\">Journal de traitement de la PIF pour les propri\u00e9taires de chats<\/a><\/li>\n\n\n\n<li><a href=\"https:\/\/vets.clearpointpharmacy.com\/wp-content\/uploads\/FIP-HOME-TREATMENT-LOG.pdf\" target=\"_blank\" rel=\"noreferrer noopener\">Informations sur le traitement de la PIF pour les propri\u00e9taires de chats<\/a><\/li>\n\n\n\n<li><a href=\"https:\/\/vets.clearpointpharmacy.com\/wp-content\/uploads\/COMPOUNDED-GS-441524_2.pdf\" target=\"_blank\" rel=\"noreferrer noopener\">Fiche d&rsquo;information sur le GS-441524 pour les propri\u00e9taires de chats<\/a><\/li>\n<\/ol>\n<\/div>\n<\/div>\n\n\n\n<div class=\"wp-block-group is-nowrap is-layout-flex wp-container-core-group-is-layout-6c531013 wp-block-group-is-layout-flex\">\n<div class=\"wp-block-group is-vertical is-layout-flex wp-container-core-group-is-layout-fe9cc265 wp-block-group-is-layout-flex\"><\/div>\n<\/div>\n<\/div>\n\n\n\n<p><\/p>\n","protected":false},"excerpt":{"rendered":"<p>Pour les v\u00e9t\u00e9rinaires Pour les propri\u00e9taires de chats<\/p>\n","protected":false},"author":4,"featured_media":0,"parent":0,"menu_order":0,"comment_status":"closed","ping_status":"closed","template":"","meta":{"footnotes":""},"class_list":["post-2231","page","type-page","status-publish","hentry"],"acf":[],"_links":{"self":[{"href":"https:\/\/vets.clearpointpharmacy.com\/fr\/wp-json\/wp\/v2\/pages\/2231","targetHints":{"allow":["GET"]}}],"collection":[{"href":"https:\/\/vets.clearpointpharmacy.com\/fr\/wp-json\/wp\/v2\/pages"}],"about":[{"href":"https:\/\/vets.clearpointpharmacy.com\/fr\/wp-json\/wp\/v2\/types\/page"}],"author":[{"embeddable":true,"href":"https:\/\/vets.clearpointpharmacy.com\/fr\/wp-json\/wp\/v2\/users\/4"}],"replies":[{"embeddable":true,"href":"https:\/\/vets.clearpointpharmacy.com\/fr\/wp-json\/wp\/v2\/comments?post=2231"}],"version-history":[{"count":4,"href":"https:\/\/vets.clearpointpharmacy.com\/fr\/wp-json\/wp\/v2\/pages\/2231\/revisions"}],"predecessor-version":[{"id":3992,"href":"https:\/\/vets.clearpointpharmacy.com\/fr\/wp-json\/wp\/v2\/pages\/2231\/revisions\/3992"}],"wp:attachment":[{"href":"https:\/\/vets.clearpointpharmacy.com\/fr\/wp-json\/wp\/v2\/media?parent=2231"}],"curies":[{"name":"wp","href":"https:\/\/api.w.org\/{rel}","templated":true}]}}