{"id":2238,"date":"2025-03-25T16:31:30","date_gmt":"2025-03-25T20:31:30","guid":{"rendered":"https:\/\/vets.clearpointpharmacy.com\/accueil\/"},"modified":"2025-09-24T16:14:45","modified_gmt":"2025-09-24T20:14:45","slug":"accueil","status":"publish","type":"page","link":"https:\/\/vets.clearpointpharmacy.com\/fr\/","title":{"rendered":"Accueil"},"content":{"rendered":"\n<div class=\"wp-block-group alignfull has-global-padding is-layout-constrained wp-container-core-group-is-layout-2395edea wp-block-group-is-layout-constrained\" style=\"margin-top:0px;margin-bottom:60px;padding-top:0;padding-bottom:0\">\n<div class=\"wp-block-columns alignwide is-layout-flex wp-container-core-columns-is-layout-08a2a807 wp-block-columns-is-layout-flex\">\n<div class=\"wp-block-column is-vertically-aligned-center is-layout-flow wp-block-column-is-layout-flow\">\n<h2 class=\"wp-block-heading has-xx-large-font-size\">Le GS-441524 est maintenant disponible \u00e0 la pharmacie Clearpoint et au centre de pr\u00e9paration.<\/h2>\n\n\n\n<p>Nous sommes heureux d\u2019annoncer que le GS-441524 est d\u00e9sormais disponible sous forme de suspension et de comprim\u00e9 chez Clearpoint Pharmacy and Compounding Centre.<br\/><br\/>Les v\u00e9t\u00e9rinaires peuvent d\u00e9sormais commander facilement en ligne via notre nouveau portail.<\/p>\n\n\n\n<div class=\"wp-block-buttons is-content-justification-center is-nowrap is-layout-flex wp-container-core-buttons-is-layout-12a27398 wp-block-buttons-is-layout-flex\">\n<div class=\"wp-block-button is-style-outline is-style-outline--1\"><a class=\"wp-block-button__link has-small-font-size has-custom-font-size wp-element-button\" href=\"https:\/\/vets.clearpointpharmacy.com\/fr\/enregistrement-veterinaire\/\">S&rsquo;inscrire maintenant<\/a><\/div>\n\n\n\n<div class=\"wp-block-button is-style-fill\"><a class=\"wp-block-button__link has-small-font-size has-custom-font-size wp-element-button\" href=\"https:\/\/vets.clearpointpharmacy.com\/fr\/connexion\/\">Se connecter<\/a><\/div>\n<\/div>\n<\/div>\n\n\n\n<div class=\"wp-block-column is-vertically-aligned-center is-layout-flow wp-block-column-is-layout-flow\">\n<figure class=\"wp-block-image size-full\"><img loading=\"lazy\" decoding=\"async\" width=\"700\" height=\"485\" src=\"https:\/\/vets.clearpointpharmacy.com\/wp-content\/uploads\/cat.jpeg\" alt=\"\" class=\"wp-image-1555\" srcset=\"https:\/\/vets.clearpointpharmacy.com\/wp-content\/uploads\/cat.jpeg 700w, https:\/\/vets.clearpointpharmacy.com\/wp-content\/uploads\/cat-300x208.jpeg 300w, https:\/\/vets.clearpointpharmacy.com\/wp-content\/uploads\/cat-600x416.jpeg 600w\" sizes=\"(max-width: 700px) 100vw, 700px\" \/><\/figure>\n<\/div>\n<\/div>\n<\/div>\n\n<div class=\"wp-block-group alignwide is-nowrap is-layout-flex wp-container-core-group-is-layout-6c531013 wp-block-group-is-layout-flex\">\n<p>Pour plus d&rsquo;informations ou pour vous renseigner sur la disponibilit\u00e9, veuillez nous appeler au <a href=\"tel:2896352735\">289-635-2735<\/a> ou nous envoyer un courriel directement.<\/p>\n\n\n\n<div class=\"wp-block-buttons is-content-justification-center is-nowrap is-layout-flex wp-container-core-buttons-is-layout-12a27398 wp-block-buttons-is-layout-flex block-visibility-hide-medium-screen block-visibility-hide-small-screen\">\n<div class=\"wp-block-button is-style-outline is-style-outline--2\"><a class=\"wp-block-button__link has-small-font-size has-custom-font-size wp-element-button\" href=\"tel:2896352735\">Appelez pour plus d&rsquo;informations<\/a><\/div>\n\n\n\n<div class=\"wp-block-button is-style-fill\"><a class=\"wp-block-button__link has-small-font-size has-custom-font-size wp-element-button\" href=\"mailto:info@clearpointpharmacy.com\">Envoyez-nous un courriel<\/a><\/div>\n<\/div>\n<\/div>\n\n<div class=\"wp-block-buttons is-content-justification-center is-nowrap is-layout-flex wp-container-core-buttons-is-layout-12a27398 wp-block-buttons-is-layout-flex block-visibility-hide-large-screen\">\n<div class=\"wp-block-button is-style-outline is-style-outline--3\"><a class=\"wp-block-button__link has-small-font-size has-custom-font-size wp-element-button\" href=\"tel:2896352735\">Appelez pour plus d&rsquo;informations<\/a><\/div>\n\n\n\n<div class=\"wp-block-button is-style-fill\"><a class=\"wp-block-button__link has-small-font-size has-custom-font-size wp-element-button\" href=\"mailto:info@clearpointpharmacy.com\">Envoyez-nous un courriel<\/a><\/div>\n<\/div>\n\n<div class=\"wp-block-group alignfull is-style-section-5 has-contrast-color has-base-background-color has-text-color has-background has-link-color wp-elements-32876e71d3ff53c66f0980abef10a009 has-global-padding is-layout-constrained wp-block-group-is-layout-constrained is-style-section-5--4\" style=\"margin-top:0;margin-bottom:0;padding-top:var(--wp--preset--spacing--50);padding-bottom:var(--wp--preset--spacing--50)\">\n<div class=\"wp-block-columns alignwide is-layout-flex wp-container-core-columns-is-layout-7ee84d44 wp-block-columns-is-layout-flex\">\n<div class=\"wp-block-column is-vertically-aligned-top is-layout-flow wp-block-column-is-layout-flow\" style=\"flex-basis:50%\">\n<figure class=\"wp-block-image size-full is-style-default\"><img loading=\"lazy\" decoding=\"async\" width=\"700\" height=\"700\" src=\"https:\/\/vets.clearpointpharmacy.com\/wp-content\/uploads\/frenchcatsquare.jpeg\" alt=\"\" class=\"wp-image-2131\" srcset=\"https:\/\/vets.clearpointpharmacy.com\/wp-content\/uploads\/frenchcatsquare.jpeg 700w, https:\/\/vets.clearpointpharmacy.com\/wp-content\/uploads\/frenchcatsquare-300x300.jpeg 300w, https:\/\/vets.clearpointpharmacy.com\/wp-content\/uploads\/frenchcatsquare-150x150.jpeg 150w, https:\/\/vets.clearpointpharmacy.com\/wp-content\/uploads\/frenchcatsquare-600x600.jpeg 600w, https:\/\/vets.clearpointpharmacy.com\/wp-content\/uploads\/frenchcatsquare-100x100.jpeg 100w\" sizes=\"(max-width: 700px) 100vw, 700px\" \/><\/figure>\n<\/div>\n\n\n\n<div class=\"wp-block-column is-vertically-aligned-center is-layout-flow wp-block-column-is-layout-flow\" style=\"flex-basis:50%\">\n<h2 class=\"wp-block-heading has-x-large-font-size\"><strong>Soutien en fran\u00e7ais pour les demandes de renseignements sur le GS-441524 et la PIF<\/strong><\/h2>\n\n\n\n<p class=\"has-large-font-size\">La pharmacie Clearpoint est heureuse d&rsquo;annoncer que nous avons maintenant un pharmacien francophone disponible pour r\u00e9pondre aux questions sur le GS-441524 et le traitement de la p\u00e9ritonite infectieuse f\u00e9line (PIF).<\/p>\n\n\n\n<p class=\"has-large-font-size\">Que vous ayez besoin de conseils sur les options de traitement, la posologie ou des informations g\u00e9n\u00e9rales sur le GS-441524, notre \u00e9quipe peut vous fournir un soutien clair, pr\u00e9cis et compatissant en anglais et en fran\u00e7ais.<\/p>\n\n\n\n<p class=\"has-large-font-size\">Veuillez nous envoyer votre demande par courriel, et notre pharmacien vous contactera directement par t\u00e9l\u00e9phone ou par courriel pour discuter de vos questions en d\u00e9tail.<\/p>\n\n\n\n<p class=\"has-large-font-size\">La sant\u00e9 de votre animal est notre priorit\u00e9, et nous nous engageons \u00e0 vous fournir les informations dont vous avez besoin pour prendre des d\u00e9cisions \u00e9clair\u00e9es.<\/p>\n<\/div>\n<\/div>\n<\/div>\n\n<div class=\"wp-block-group alignfull is-style-section-5 has-contrast-color has-base-background-color has-text-color has-background has-link-color wp-elements-8023b23769da41aeb7b17866842b2abd has-global-padding is-layout-constrained wp-block-group-is-layout-constrained is-style-section-5--5\" style=\"margin-top:0;margin-bottom:0;padding-top:var(--wp--preset--spacing--50);padding-bottom:var(--wp--preset--spacing--50)\">\n<div class=\"wp-block-columns alignwide is-layout-flex wp-container-core-columns-is-layout-7ee84d44 wp-block-columns-is-layout-flex\">\n<div class=\"wp-block-column is-vertically-aligned-top is-layout-flow wp-block-column-is-layout-flow\" style=\"flex-basis:50%\">\n<p>Chez Clearpoint Pharmacy, nous nous engageons \u00e0 soutenir les professionnels v\u00e9t\u00e9rinaires et les familles d&rsquo;animaux de compagnie avec une pr\u00e9paration de GS-441524 de haute qualit\u00e9, livr\u00e9e avec soin, exactitude et int\u00e9grit\u00e9. Notre objectif est de rendre l&rsquo;acc\u00e8s au traitement simple, s\u00fbr et fiable tant pour les v\u00e9t\u00e9rinaires que pour les patients qu&rsquo;ils servent. <\/p>\n\n\n\n<figure class=\"wp-block-image alignleft is-resized\" style=\"margin-right:0;margin-left:0\"><img decoding=\"async\" src=\"https:\/\/fonts.gstatic.com\/s\/e\/notoemoji\/16.0\/1f52c\/72.png\" alt=\"&#x1F52C;\" style=\"width:30px\"\/><\/figure>\n\n\n\n<p class=\"whiteshaddow has-large-font-size\">  Provenant exclusivement de fournisseurs agr\u00e9\u00e9s BPF<\/p>\n\n\n\n<figure class=\"wp-block-image alignleft is-resized\" style=\"margin-top:20px;margin-right:0;margin-bottom:0;margin-left:0\"><img decoding=\"async\" src=\"https:\/\/fonts.gstatic.com\/s\/e\/notoemoji\/16.0\/1f9ea\/72.png\" alt=\"&#x1F9EA;\" style=\"width:27px;height:auto\"\/><\/figure>\n\n\n\n<p class=\"whiteshaddow has-large-font-size\">  Test\u00e9 par une tierce partie pour confirmer l&rsquo;identit\u00e9, la puret\u00e9 et la puissance<\/p>\n\n\n\n<figure class=\"wp-block-image alignleft is-resized\" style=\"margin-right:0;margin-left:0\"><img decoding=\"async\" src=\"https:\/\/fonts.gstatic.com\/s\/e\/notoemoji\/16.0\/2696\/72.png\" alt=\"&#x2696;\" style=\"width:30px\"\/><\/figure>\n\n\n\n<p class=\"whiteshaddow has-large-font-size\">  Dosage pr\u00e9cis bas\u00e9 sur le poids utilisant des formulations valid\u00e9es<\/p>\n\n\n\n<figure class=\"wp-block-image alignleft is-resized\" style=\"margin-right:0;margin-left:0\"><img decoding=\"async\" src=\"https:\/\/fonts.gstatic.com\/s\/e\/notoemoji\/16.0\/1f4cb\/72.png\" alt=\"&#x1F4CB;\" style=\"width:30px\"\/><\/figure>\n\n\n\n<p>  Documentation compl\u00e8te et tra\u00e7abilit\u00e9 compl\u00e8te des lots<\/p>\n<\/div>\n\n\n\n<div class=\"wp-block-column is-vertically-aligned-center is-layout-flow wp-block-column-is-layout-flow\" style=\"flex-basis:50%\">\n<figure class=\"wp-block-image size-full is-style-default\"><img loading=\"lazy\" decoding=\"async\" width=\"828\" height=\"800\" src=\"https:\/\/vets.clearpointpharmacy.com\/wp-content\/uploads\/compounding4.jpeg\" alt=\"\" class=\"wp-image-1663\" srcset=\"https:\/\/vets.clearpointpharmacy.com\/wp-content\/uploads\/compounding4.jpeg 828w, https:\/\/vets.clearpointpharmacy.com\/wp-content\/uploads\/compounding4-300x290.jpeg 300w, https:\/\/vets.clearpointpharmacy.com\/wp-content\/uploads\/compounding4-768x742.jpeg 768w, https:\/\/vets.clearpointpharmacy.com\/wp-content\/uploads\/compounding4-600x580.jpeg 600w\" sizes=\"(max-width: 828px) 100vw, 828px\" \/><\/figure>\n<\/div>\n<\/div>\n<\/div>\n\n<div class=\"wp-block-group alignfull is-style-section-5 has-background has-global-padding is-layout-constrained wp-block-group-is-layout-constrained is-style-section-5--6\" style=\"background-color:#16265a;margin-top:0;margin-bottom:0;padding-top:var(--wp--preset--spacing--50);padding-bottom:var(--wp--preset--spacing--50)\">\n<div class=\"wp-block-columns alignwide is-layout-flex wp-container-core-columns-is-layout-7ee84d44 wp-block-columns-is-layout-flex\">\n<div class=\"wp-block-column is-vertically-aligned-center is-layout-flow wp-block-column-is-layout-flow\" style=\"flex-basis:50%\">\n<h2 class=\"wp-block-heading has-xx-large-font-size\">Approuv\u00e9 par les v\u00e9t\u00e9rinaires, adapt\u00e9 \u00e0 chaque patient<\/h2>\n\n\n\n<p class=\"has-large-font-size\">Notre suspension orale ou nos comprim\u00e9s de GS-441524 sont soigneusement formul\u00e9s pour des soins individualis\u00e9s. Nous fournissons un dosage pr\u00e9cis bas\u00e9 sur le poids pour r\u00e9pondre aux besoins de chaque patient, avec la possibilit\u00e9 de l&rsquo;ajuster en fonction de l&rsquo;\u00e9volution des r\u00e9ponses cliniques. Une gamme de saveurs agr\u00e9ables contribue \u00e0 am\u00e9liorer la facilit\u00e9 d&rsquo;administration et \u00e0 favoriser le succ\u00e8s du traitement \u00e0 long terme.<\/p>\n\n\n\n<p class=\"has-large-font-size\">Nous travaillons en partenariat avec les v\u00e9t\u00e9rinaires pour nous assurer que chaque ordonnance s&rsquo;int\u00e8gre harmonieusement \u00e0 leurs protocoles de soins, qu&rsquo;il s&rsquo;agisse d&rsquo;amorcer un traitement ou de l&rsquo;ajuster au besoin.<\/p>\n<\/div>\n\n\n\n<div class=\"wp-block-column is-vertically-aligned-center is-layout-flow wp-block-column-is-layout-flow\" style=\"flex-basis:50%\">\n<figure class=\"wp-block-image size-full\"><a href=\"https:\/\/vets.clearpointpharmacy.com\/wp-content\/uploads\/vet.jpeg\"><img loading=\"lazy\" decoding=\"async\" width=\"600\" height=\"600\" src=\"https:\/\/vets.clearpointpharmacy.com\/wp-content\/uploads\/vet.jpeg\" alt=\"\" class=\"wp-image-1624\" style=\"aspect-ratio:1;object-fit:cover\" srcset=\"https:\/\/vets.clearpointpharmacy.com\/wp-content\/uploads\/vet.jpeg 600w, https:\/\/vets.clearpointpharmacy.com\/wp-content\/uploads\/vet-300x300.jpeg 300w, https:\/\/vets.clearpointpharmacy.com\/wp-content\/uploads\/vet-150x150.jpeg 150w, https:\/\/vets.clearpointpharmacy.com\/wp-content\/uploads\/vet-100x100.jpeg 100w\" sizes=\"(max-width: 600px) 100vw, 600px\" \/><\/a><\/figure>\n<\/div>\n<\/div>\n<\/div>\n\n<div class=\"wp-block-group alignfull has-global-padding is-layout-constrained wp-block-group-is-layout-constrained\" style=\"margin-top:0;margin-bottom:0\">\n<div class=\"wp-block-group alignwide is-layout-grid wp-container-core-group-is-layout-5fdb10e5 wp-block-group-is-layout-grid\" style=\"padding-top:var(--wp--preset--spacing--50);padding-bottom:var(--wp--preset--spacing--50)\">\n<figure class=\"wp-block-image size-full wp-container-content-5fd69529\"><img loading=\"lazy\" decoding=\"async\" width=\"762\" height=\"502\" src=\"https:\/\/vets.clearpointpharmacy.com\/wp-content\/uploads\/pharmacist.jpeg\" alt=\"\" class=\"wp-image-1641\" style=\"aspect-ratio:4\/3;object-fit:cover\" srcset=\"https:\/\/vets.clearpointpharmacy.com\/wp-content\/uploads\/pharmacist.jpeg 762w, https:\/\/vets.clearpointpharmacy.com\/wp-content\/uploads\/pharmacist-300x198.jpeg 300w, https:\/\/vets.clearpointpharmacy.com\/wp-content\/uploads\/pharmacist-600x395.jpeg 600w\" sizes=\"(max-width: 762px) 100vw, 762px\" \/><\/figure>\n\n\n\n<div class=\"wp-block-group is-vertical is-content-justification-stretch is-nowrap is-layout-flex wp-container-core-group-is-layout-627337ab wp-block-group-is-layout-flex\">\n<div class=\"wp-block-group is-vertical is-content-justification-left is-layout-flex wp-container-core-group-is-layout-dd225191 wp-block-group-is-layout-flex\">\n<p class=\"has-xx-large-font-size\">Service rapide et fiable partout au Canada<\/p>\n\n\n\n<p class=\"is-style-text-subtitle has-large-font-size is-style-text-subtitle--7\">L&rsquo;acc\u00e8s rapide aux m\u00e9dicaments est essentiel. C&rsquo;est pourquoi nous pr\u00e9parons et exp\u00e9dions chaque ordonnance de GS-441524 dans les 24 heures suivant sa r\u00e9ception. Gr\u00e2ce \u00e0 la livraison gratuite dans tout le pays, nous contribuons \u00e0 \u00e9liminer les retards et \u00e0 offrir une exp\u00e9rience plus fluide et plus fiable \u00e0 toutes les personnes concern\u00e9es.   <\/p>\n<\/div>\n<\/div>\n<\/div>\n<\/div>\n\n<div class=\"wp-block-buttons is-content-justification-center is-nowrap is-layout-flex wp-container-core-buttons-is-layout-12a27398 wp-block-buttons-is-layout-flex\">\n<div class=\"wp-block-button is-style-outline is-style-outline--8\"><a class=\"wp-block-button__link has-small-font-size has-custom-font-size wp-element-button\" href=\"tel:2896352735\">Appelez pour plus d&rsquo;informations<\/a><\/div>\n\n\n\n<div class=\"wp-block-button is-style-fill\"><a class=\"wp-block-button__link has-small-font-size has-custom-font-size wp-element-button\" href=\"mailto:info@clearpointpharmacy.com\">Envoyez un courriel pour plus d&rsquo;informations<\/a><\/div>\n<\/div>\n\n<div role=\"dialog\" aria-modal=\"true\" class=\"wp-block-cloudcatch-light-modal-block__wrapper\" data-trigger-delay=\"100px\" data-modal-id=\"aUHAAQSeV2w\"><div style=\"border-style:none;border-width:0px;border-radius:47px;padding-top:0;padding-right:0;padding-bottom:0;padding-left:0;max-width:75%\" class=\"wp-block-cloudcatch-light-modal-block\"><div class=\"wp-block-cloudcatch-light-modal-block__content\">\n<div style=\"background-image:url(&apos;https:\/\/vets.clearpointpharmacy.com\/wp-content\/uploads\/Layer-1-1.svg&apos;);background-size:cover;\" class=\"wp-block-group is-content-justification-space-between is-nowrap is-layout-flex wp-container-core-group-is-layout-6268fe61 wp-block-group-is-layout-flex has-background\">\n<div class=\"wp-block-columns wp-container-content-69bc4bdf is-layout-flex wp-container-core-columns-is-layout-843bb343 wp-block-columns-is-layout-flex\" style=\"padding-top:35px;padding-right:30px;padding-bottom:35px;padding-left:30px\">\n<div class=\"wp-block-column is-layout-flow wp-container-core-column-is-layout-6d8aaa9a wp-block-column-is-layout-flow\" style=\"flex-basis:100%\">\n<div class=\"wp-block-group is-vertical is-content-justification-left is-nowrap is-layout-flex wp-container-core-group-is-layout-4e926dde wp-block-group-is-layout-flex\">\n<div class=\"wp-block-columns is-layout-flex wp-container-core-columns-is-layout-28f84493 wp-block-columns-is-layout-flex\">\n<div class=\"wp-block-column is-layout-flow wp-container-core-column-is-layout-b7cb5230 wp-block-column-is-layout-flow\" style=\"border-top-color:#024985;border-right-color:#024985;border-bottom-color:#024985;border-left-color:#024985;border-left-width:5px;padding-left:15px;flex-basis:100%\">\n<h2 class=\"wp-block-heading has-text-color has-link-color has-sf-pro-display-font-family wp-elements-034e73dbec7fab16be55d003519707fe\" style=\"color:#024985;font-size:clamp(17.905px, 1.119rem + ((1vw - 3.2px) * 0.99), 28px);font-style:normal;font-weight:500;letter-spacing:0px;line-height:0.8\"><strong>Molnupiravir<\/strong> d\u00e9sormais disponible<\/h2>\n\n\n\n<p class=\"is-style-default has-text-color has-link-color has-sf-pro-display-font-family wp-elements-cbc9cc3ec3c4b9cc2657e3d6f830ec1e\" style=\"color:#000000;font-size:clamp(14px, 0.875rem + ((1vw - 3.2px) * 0.098), 15px);font-style:normal;font-weight:700;line-height:1\">Clearpoint Pharmacy est fi\u00e8re d&rsquo;\u00eatre la premi\u00e8re pharmacie au Canada \u00e0 pr\u00e9parer du Molnupiravir, d\u00e9sormais disponible pour les v\u00e9t\u00e9rinaires \u00e0 l&rsquo;\u00e9chelle nationale.<\/p>\n<\/div>\n<\/div>\n\n\n\n<p class=\"has-text-color has-link-color has-sf-pro-display-font-family wp-elements-fcd205213101c35b5209003ff2c0d30c\" style=\"color:#000000;font-size:14px;font-style:normal;font-weight:400;letter-spacing:0px;line-height:1\">Cette \u00e9tape importante \u00e9largit l&rsquo;acc\u00e8s \u00e0 des options antivirales innovantes, pr\u00e9par\u00e9es selon les m\u00eames normes rigoureuses que les v\u00e9t\u00e9rinaires connaissent d\u00e9j\u00e0 avec le GS-441524 et d&rsquo;autres compos\u00e9s v\u00e9t\u00e9rinaires.<\/p>\n\n\n\n<h4 class=\"wp-block-heading has-text-color has-link-color has-sf-pro-display-font-family wp-elements-e48c8454c2462f09a251f6fec5fe493b\" style=\"color:#010101;font-size:clamp(14px, 0.875rem + ((1vw - 3.2px) * 0.588), 20px);font-style:normal;font-weight:700\">Le Molnupiravir de Clearpoint est :<\/h4>\n<\/div>\n\n\n\n<div class=\"wp-block-group is-layout-grid wp-container-core-group-is-layout-b757edec wp-block-group-is-layout-grid\">\n<div class=\"wp-block-media-text is-stacked-on-mobile wp-container-content-5e2576f9\" style=\"grid-template-columns:15% auto\"><figure class=\"wp-block-media-text__media\"><img decoding=\"async\" src=\"https:\/\/vets.clearpointpharmacy.com\/wp-content\/uploads\/Group-1261153920-1.svg\" alt=\"\" class=\"wp-image-2735 size-full\"\/><\/figure><div class=\"wp-block-media-text__content\">\n<p class=\"has-sf-pro-display-font-family\" style=\"font-size:14px;line-height:1\">Provenant exclusivement de fournisseurs agr\u00e9\u00e9s BPF<\/p>\n<\/div><\/div>\n\n\n\n<div class=\"wp-block-media-text is-stacked-on-mobile\" style=\"grid-template-columns:15% auto\"><figure class=\"wp-block-media-text__media\"><img decoding=\"async\" src=\"https:\/\/vets.clearpointpharmacy.com\/wp-content\/uploads\/Group-1261153921.svg\" alt=\"\" class=\"wp-image-2737 size-full\"\/><\/figure><div class=\"wp-block-media-text__content\">\n<p class=\"has-sf-pro-display-font-family\" style=\"font-size:14px;font-style:normal;font-weight:400;line-height:1\">Dosage pr\u00e9cis bas\u00e9 sur le poids, utilisant des formulations valid\u00e9es<\/p>\n<\/div><\/div>\n<\/div>\n\n\n\n<div class=\"wp-block-group is-layout-grid wp-container-core-group-is-layout-b757edec wp-block-group-is-layout-grid\">\n<div class=\"wp-block-media-text is-stacked-on-mobile\" style=\"grid-template-columns:15% auto\"><figure class=\"wp-block-media-text__media\"><img decoding=\"async\" src=\"https:\/\/vets.clearpointpharmacy.com\/wp-content\/uploads\/Group-1261153922.svg\" alt=\"\" class=\"wp-image-2743 size-full\"\/><\/figure><div class=\"wp-block-media-text__content\">\n<p class=\"has-sf-pro-display-font-family\" style=\"font-size:14px;font-style:normal;font-weight:400;line-height:1\">Documentation compl\u00e8te et tra\u00e7abilit\u00e9 totale des lots<\/p>\n<\/div><\/div>\n<\/div>\n\n\n\n<div class=\"wp-block-group is-vertical is-content-justification-left is-nowrap is-layout-flex wp-container-core-group-is-layout-637bdee3 wp-block-group-is-layout-flex\">\n<h4 class=\"wp-block-heading has-text-color has-link-color has-sf-pro-display-font-family wp-elements-44e56a14430ee5c1a9a804a74f50f5fc\" style=\"color:#024985;font-size:clamp(14px, 0.875rem + ((1vw - 3.2px) * 0.588), 20px);font-style:normal;font-weight:700;line-height:1.1\">Quelle est la prochaine \u00e9tape\u00a0?<\/h4>\n\n\n\n<p class=\"has-text-color has-link-color has-sf-pro-display-font-family wp-elements-16994d3a990ccc18793aefc2a6ba9d09\" style=\"color:#000000;font-size:14px;font-style:normal;font-weight:400;letter-spacing:0px;line-height:1\">Les directives de traitement seront disponibles sous peu.<\/p>\n\n\n\n<p class=\"has-text-color has-link-color has-sf-pro-display-font-family wp-elements-e80d0480441a7036f4098df5aea1c26a\" style=\"color:#000000;font-size:14px;font-style:normal;font-weight:400;letter-spacing:0px;line-height:1\">Clearpoint reste d\u00e9termin\u00e9 \u00e0 fournir aux v\u00e9t\u00e9rinaires un acc\u00e8s rapide \u00e0 des th\u00e9rapies avanc\u00e9es, soutenues par l\u2019\u00e9ducation et la collaboration.<\/p>\n\n\n\n<div class=\"wp-block-group is-content-justification-space-between is-nowrap is-layout-flex wp-container-core-group-is-layout-cb46ffcb wp-block-group-is-layout-flex\">\n<div class=\"wp-block-buttons is-layout-flex wp-block-buttons-is-layout-flex\">\n<div class=\"wp-block-button\"><a class=\"wp-block-button__link has-text-color has-background has-link-color has-border-color has-custom-font-size wp-element-button\" style=\"border-color:#024985;border-width:1px;color:#024985;background-color:#ffffff00;padding-top:var(--wp--preset--spacing--20);padding-right:var(--wp--preset--spacing--20);padding-bottom:var(--wp--preset--spacing--20);padding-left:var(--wp--preset--spacing--20);font-size:clamp(14px, 0.875rem + ((1vw - 3.2px) * 0.098), 15px);font-style:normal;font-weight:700\">\u00c0 VENIR<\/a><\/div>\n<\/div>\n\n\n\n<p class=\"has-sf-pro-display-font-family wp-container-content-29dca9c1\" style=\"font-size:14px;font-style:normal;font-weight:400;line-height:1.1\">Clearpoint organisera prochainement un webinaire agr\u00e9\u00e9 en direct sur le Molnupiravir. Tous les d\u00e9tails et les modalit\u00e9s d\u2019inscription seront annonc\u00e9s sous peu. <\/p>\n<\/div>\n<\/div>\n\n\n\n<div class=\"wp-block-buttons is-layout-flex wp-block-buttons-is-layout-flex\">\n<div class=\"wp-block-button\"><a class=\"wp-block-button__link has-sf-pro-display-font-family has-custom-font-size wp-element-button\" style=\"padding-top:var(--wp--preset--spacing--20);padding-bottom:var(--wp--preset--spacing--20);font-size:clamp(14px, 0.875rem + ((1vw - 3.2px) * 0.196), 16px);\">Envoyez-nous un e-mail ou appelez-nous d\u00e8s aujourd\u2019hui pour obtenir plus d\u2019informations.<\/a><\/div>\n<\/div>\n<\/div>\n<\/div>\n\n\n\n<div class=\"wp-block-columns is-layout-flex wp-container-core-columns-is-layout-28f84493 wp-block-columns-is-layout-flex\">\n<div class=\"wp-block-column is-layout-flow wp-block-column-is-layout-flow\">\n<figure class=\"wp-block-image alignright size-full has-custom-border\"><img loading=\"lazy\" decoding=\"async\" width=\"631\" height=\"865\" src=\"https:\/\/vets.clearpointpharmacy.com\/wp-content\/uploads\/Clip-path-group.png\" alt=\"\" class=\"wp-image-2699\" style=\"border-style:none;border-width:0px\" srcset=\"https:\/\/vets.clearpointpharmacy.com\/wp-content\/uploads\/Clip-path-group.png 631w, https:\/\/vets.clearpointpharmacy.com\/wp-content\/uploads\/Clip-path-group-219x300.png 219w, https:\/\/vets.clearpointpharmacy.com\/wp-content\/uploads\/Clip-path-group-600x823.png 600w\" sizes=\"(max-width: 631px) 100vw, 631px\" \/><\/figure>\n<\/div>\n<\/div>\n<\/div>\n<\/div><button class=\"wp-block-cloudcatch-light-modal-block__close\" style=\"background-color:#111111\"><svg xmlns=\"http:\/\/www.w3.org\/2000\/svg\" width=\"14\" height=\"14\" viewBox=\"0 0 24 24\" aria-hidden=\"true\"><path d=\"M24 1.2 22.8 0 12 10.8 1.2 0 0 1.2 10.8 12 0 22.8 1.2 24 12 13.2 22.8 24l1.2-1.2L13.2 12 24 1.2z\" fill=\"#FFFFFF\"><\/path><\/svg><\/button><\/div><\/div>\n","protected":false},"excerpt":{"rendered":"<p>Le GS-441524 est maintenant disponible \u00e0 la pharmacie Clearpoint et au centre de pr\u00e9paration. Nous sommes heureux d\u2019annoncer que le GS-441524 est d\u00e9sormais disponible sous forme de suspension et de comprim\u00e9 chez Clearpoint Pharmacy and Compounding Centre. Les v\u00e9t\u00e9rinaires peuvent d\u00e9sormais commander facilement en ligne via notre nouveau portail. Pour plus d&rsquo;informations ou pour vous [&hellip;]<\/p>\n","protected":false},"author":4,"featured_media":2150,"parent":0,"menu_order":0,"comment_status":"closed","ping_status":"closed","template":"","meta":{"footnotes":""},"class_list":["post-2238","page","type-page","status-publish","has-post-thumbnail","hentry"],"acf":[],"_links":{"self":[{"href":"https:\/\/vets.clearpointpharmacy.com\/fr\/wp-json\/wp\/v2\/pages\/2238","targetHints":{"allow":["GET"]}}],"collection":[{"href":"https:\/\/vets.clearpointpharmacy.com\/fr\/wp-json\/wp\/v2\/pages"}],"about":[{"href":"https:\/\/vets.clearpointpharmacy.com\/fr\/wp-json\/wp\/v2\/types\/page"}],"author":[{"embeddable":true,"href":"https:\/\/vets.clearpointpharmacy.com\/fr\/wp-json\/wp\/v2\/users\/4"}],"replies":[{"embeddable":true,"href":"https:\/\/vets.clearpointpharmacy.com\/fr\/wp-json\/wp\/v2\/comments?post=2238"}],"version-history":[{"count":93,"href":"https:\/\/vets.clearpointpharmacy.com\/fr\/wp-json\/wp\/v2\/pages\/2238\/revisions"}],"predecessor-version":[{"id":3204,"href":"https:\/\/vets.clearpointpharmacy.com\/fr\/wp-json\/wp\/v2\/pages\/2238\/revisions\/3204"}],"wp:featuredmedia":[{"embeddable":true,"href":"https:\/\/vets.clearpointpharmacy.com\/fr\/wp-json\/wp\/v2\/media\/2150"}],"wp:attachment":[{"href":"https:\/\/vets.clearpointpharmacy.com\/fr\/wp-json\/wp\/v2\/media?parent=2238"}],"curies":[{"name":"wp","href":"https:\/\/api.w.org\/{rel}","templated":true}]}}