{"id":3014,"date":"2025-01-15T11:15:02","date_gmt":"2025-01-15T16:15:02","guid":{"rendered":"https:\/\/vets.clearpointpharmacy.com\/?post_type=product&#038;p=3014"},"modified":"2026-03-10T18:40:48","modified_gmt":"2026-03-10T22:40:48","slug":"suspension-gs-441524-copy-2","status":"publish","type":"product","link":"https:\/\/vets.clearpointpharmacy.com\/fr\/produit\/suspension-gs-441524-copy-2\/","title":{"rendered":"Comprim\u00e9s GS-441524"},"content":{"rendered":"<div class=\"Y3BBE\" data-sfc-cp=\"\" data-hveid=\"CAEIBhAA\" data-complete=\"true\">Profitez de la livraison gratuite d\u00e8s aujourd&rsquo;hui&nbsp;! Commandez simplement 60 comprim\u00e9s ou plus de 50&nbsp;mg, ou 70 comprim\u00e9s ou plus de 25&nbsp;mg. <\/div>\n","protected":false},"excerpt":{"rendered":"<p>Profitez de la livraison gratuite d\u00e8s aujourd&rsquo;hui&nbsp;! Commandez simplement 60 comprim\u00e9s ou plus de 50&nbsp;mg, ou 70 comprim\u00e9s ou plus de 25&nbsp;mg.<\/p>\n","protected":false},"featured_media":6821,"template":"","meta":[],"product_brand":[],"product_cat":[41],"product_tag":[],"class_list":{"0":"post-3014","1":"product","2":"type-product","3":"status-publish","4":"has-post-thumbnail","6":"product_cat-produits-veterinaires","8":"first","9":"instock","10":"shipping-taxable","11":"purchasable","12":"product-type-variable","13":"has-default-attributes"},"acf":[],"_links":{"self":[{"href":"https:\/\/vets.clearpointpharmacy.com\/fr\/wp-json\/wp\/v2\/product\/3014","targetHints":{"allow":["GET"]}}],"collection":[{"href":"https:\/\/vets.clearpointpharmacy.com\/fr\/wp-json\/wp\/v2\/product"}],"about":[{"href":"https:\/\/vets.clearpointpharmacy.com\/fr\/wp-json\/wp\/v2\/types\/product"}],"wp:featuredmedia":[{"embeddable":true,"href":"https:\/\/vets.clearpointpharmacy.com\/fr\/wp-json\/wp\/v2\/media\/6821"}],"wp:attachment":[{"href":"https:\/\/vets.clearpointpharmacy.com\/fr\/wp-json\/wp\/v2\/media?parent=3014"}],"wp:term":[{"taxonomy":"product_brand","embeddable":true,"href":"https:\/\/vets.clearpointpharmacy.com\/fr\/wp-json\/wp\/v2\/product_brand?post=3014"},{"taxonomy":"product_cat","embeddable":true,"href":"https:\/\/vets.clearpointpharmacy.com\/fr\/wp-json\/wp\/v2\/product_cat?post=3014"},{"taxonomy":"product_tag","embeddable":true,"href":"https:\/\/vets.clearpointpharmacy.com\/fr\/wp-json\/wp\/v2\/product_tag?post=3014"}],"curies":[{"name":"wp","href":"https:\/\/api.w.org\/{rel}","templated":true}]}}