{"id":6773,"date":"2026-01-29T14:33:28","date_gmt":"2026-01-29T19:33:28","guid":{"rendered":"https:\/\/vets.clearpointpharmacy.com\/product\/methimazole-transdermique-en-seringues-preremplies-a-base-de-lipoderm\/"},"modified":"2026-01-29T14:33:28","modified_gmt":"2026-01-29T19:33:28","slug":"methimazole-transdermique-en-seringues-preremplies-a-base-de-lipoderm","status":"publish","type":"product","link":"https:\/\/vets.clearpointpharmacy.com\/fr\/produit\/methimazole-transdermique-en-seringues-preremplies-a-base-de-lipoderm\/","title":{"rendered":"M\u00e9thimazole transdermique en seringues pr\u00e9remplies \u00e0 base de Lipoderm"},"content":{"rendered":"","protected":false},"excerpt":{"rendered":"","protected":false},"featured_media":6817,"template":"","meta":[],"product_brand":[],"product_cat":[41],"product_tag":[],"class_list":{"0":"post-6773","1":"product","2":"type-product","3":"status-publish","4":"has-post-thumbnail","6":"product_cat-produits-veterinaires","8":"first","9":"instock","10":"shipping-taxable","11":"purchasable","12":"product-type-variable"},"acf":[],"_links":{"self":[{"href":"https:\/\/vets.clearpointpharmacy.com\/fr\/wp-json\/wp\/v2\/product\/6773","targetHints":{"allow":["GET"]}}],"collection":[{"href":"https:\/\/vets.clearpointpharmacy.com\/fr\/wp-json\/wp\/v2\/product"}],"about":[{"href":"https:\/\/vets.clearpointpharmacy.com\/fr\/wp-json\/wp\/v2\/types\/product"}],"wp:featuredmedia":[{"embeddable":true,"href":"https:\/\/vets.clearpointpharmacy.com\/fr\/wp-json\/wp\/v2\/media\/6817"}],"wp:attachment":[{"href":"https:\/\/vets.clearpointpharmacy.com\/fr\/wp-json\/wp\/v2\/media?parent=6773"}],"wp:term":[{"taxonomy":"product_brand","embeddable":true,"href":"https:\/\/vets.clearpointpharmacy.com\/fr\/wp-json\/wp\/v2\/product_brand?post=6773"},{"taxonomy":"product_cat","embeddable":true,"href":"https:\/\/vets.clearpointpharmacy.com\/fr\/wp-json\/wp\/v2\/product_cat?post=6773"},{"taxonomy":"product_tag","embeddable":true,"href":"https:\/\/vets.clearpointpharmacy.com\/fr\/wp-json\/wp\/v2\/product_tag?post=6773"}],"curies":[{"name":"wp","href":"https:\/\/api.w.org\/{rel}","templated":true}]}}